{"id":4108,"date":"2026-03-02T23:30:24","date_gmt":"2026-03-02T21:30:24","guid":{"rendered":"https:\/\/snegar.com\/?page_id=4108"},"modified":"2026-03-18T02:33:46","modified_gmt":"2026-03-18T00:33:46","slug":"terms-and-conditions","status":"publish","type":"page","link":"https:\/\/snegar.com\/de\/terms-and-conditions\/","title":{"rendered":"AGB"},"content":{"rendered":"<h3 class=\"nm-block-heading wp-block-heading\">1. Annahme der Bedingungen<\/h3>\n\n\n\n<p>Durch den Zugriff auf diese Website und deren Nutzung erkl\u00e4ren Sie sich mit den Bedingungen und Bestimmungen dieser Vereinbarung einverstanden und verpflichten sich, diese einzuhalten.<\/p>\n\n\n\n<h3 class=\"nm-block-heading wp-block-heading\">2. Nutzungslizenz<\/h3>\n\n\n\n<p>Es ist gestattet, vor\u00fcbergehend eine Kopie der Materialien auf dieser Website ausschlie\u00dflich f\u00fcr den pers\u00f6nlichen, nicht kommerziellen und vor\u00fcbergehenden Gebrauch herunterzuladen.<\/p>\n\n\n\n<h3 class=\"nm-block-heading wp-block-heading\">3. Haftungsausschluss<\/h3>\n\n\n\n<p>Die Inhalte dieser Website werden \u201ewie besehen\u201c bereitgestellt. Wir geben keinerlei ausdr\u00fcckliche oder stillschweigende Gew\u00e4hrleistungen ab und schlie\u00dfen hiermit alle sonstigen Gew\u00e4hrleistungen aus, einschlie\u00dflich, aber nicht beschr\u00e4nkt auf stillschweigende Gew\u00e4hrleistungen oder Zusicherungen hinsichtlich der Marktg\u00e4ngigkeit, der Eignung f\u00fcr einen bestimmten Zweck oder der Nichtverletzung von Rechten an geistigem Eigentum oder sonstigen Rechtsverletzungen.<\/p>\n\n\n\n<h3 class=\"nm-block-heading wp-block-heading\">4. Einschr\u00e4nkungen<\/h3>\n\n\n\n<p>Wir und unsere Lieferanten haften in keinem Fall f\u00fcr Sch\u00e4den (einschlie\u00dflich, aber nicht beschr\u00e4nkt auf Sch\u00e4den aufgrund von Daten- oder Gewinnverlusten oder aufgrund von Betriebsunterbrechungen), die sich aus der Nutzung oder der Unm\u00f6glichkeit der Nutzung der Materialien auf dieser Website ergeben.<\/p>\n\n\n\n<h3 class=\"nm-block-heading wp-block-heading\">5. \u00c4nderungen<\/h3>\n\n\n\n<p>Wir behalten uns vor, diese Nutzungsbedingungen jederzeit ohne vorherige Ank\u00fcndigung zu \u00e4ndern. Durch die Nutzung dieser Website erkl\u00e4ren Sie sich mit der jeweils aktuellen Fassung dieser Nutzungsbedingungen einverstanden.<\/p>\n\n\n\n<h3 class=\"nm-block-heading wp-block-heading\">6. Kontaktdaten<\/h3>\n\n\n\n<p>Sollten Sie Fragen zu diesen Allgemeinen Gesch\u00e4ftsbedingungen haben, wenden Sie sich bitte an uns<\/p>","protected":false},"excerpt":{"rendered":"<p>1. Acceptance of Terms By accessing and using this website, you accept and agree to be bound by the terms and provision of this agreement. 2. Use License Permission is granted to temporarily download one copy of the materials on this website for personal, non-commercial transitory viewing only. 3. Disclaimer The materials on this website [&hellip;]<\/p>\n","protected":false},"author":50,"featured_media":0,"parent":0,"menu_order":0,"comment_status":"closed","ping_status":"closed","template":"","meta":{"_acf_changed":false,"footnotes":""},"class_list":["post-4108","page","type-page","status-publish","hentry"],"acf":[],"_links":{"self":[{"href":"https:\/\/snegar.com\/de\/wp-json\/wp\/v2\/pages\/4108","targetHints":{"allow":["GET"]}}],"collection":[{"href":"https:\/\/snegar.com\/de\/wp-json\/wp\/v2\/pages"}],"about":[{"href":"https:\/\/snegar.com\/de\/wp-json\/wp\/v2\/types\/page"}],"author":[{"embeddable":true,"href":"https:\/\/snegar.com\/de\/wp-json\/wp\/v2\/users\/50"}],"replies":[{"embeddable":true,"href":"https:\/\/snegar.com\/de\/wp-json\/wp\/v2\/comments?post=4108"}],"version-history":[{"count":5,"href":"https:\/\/snegar.com\/de\/wp-json\/wp\/v2\/pages\/4108\/revisions"}],"predecessor-version":[{"id":4477,"href":"https:\/\/snegar.com\/de\/wp-json\/wp\/v2\/pages\/4108\/revisions\/4477"}],"wp:attachment":[{"href":"https:\/\/snegar.com\/de\/wp-json\/wp\/v2\/media?parent=4108"}],"curies":[{"name":"wp","href":"https:\/\/api.w.org\/{rel}","templated":true}]}}